{"id":32,"date":"2022-05-11T13:25:19","date_gmt":"2022-05-11T13:25:19","guid":{"rendered":"https:\/\/robotics.cs.fiu.edu\/robotics\/?page_id=32"},"modified":"2025-11-06T18:28:59","modified_gmt":"2025-11-06T18:28:59","slug":"publications","status":"publish","type":"page","link":"https:\/\/robotics.cs.fiu.edu\/robotics\/publications\/","title":{"rendered":"Publications"},"content":{"rendered":"<p><span style=\"font-size: 18pt\">2025<br \/>\n<\/span><span style=\"font-size: 18pt\"><span style=\"font-size: 14pt\">Conference Publications<br \/>\n<\/span><\/span><\/p>\n<p>N. Cruz, J. Fuentes and L. Bobadilla, &#8220;Game-Theoretic Autonomous Vehicle Path Coordination with Limited Communication,&#8221; 2025 IEEE 21st International Conference on Automation Science and Engineering (CASE), Los Angeles, CA, USA, 2025, pp. 2695-2701, doi: 10.1109\/CASE58245.2025.11164118.<\/p>\n<p>J. Fuentes, P. Padr\u00e3o, A. A. R. Newaz and L. Bobadilla, &#8220;Learning-Based Adaptive Navigation for Scalar Field Mapping and Feature Tracking,&#8221; 2025 IEEE International Conference on Robotics and Automation (ICRA), Atlanta, GA, USA, 2025, pp. 1-7, doi: 10.1109\/ICRA55743.2025.11127650.<\/p>\n<p>D. Correa, T. Kaarlela, J. Fuentes, P. Padrao, A. Duran and L. Bobadilla, &#8220;Multi-agent Reinforcement Learning for Robotized Coral Reef Sample Collection,&#8221; 2025 IEEE 21st International Conference on Automation Science and Engineering (CASE), Los Angeles, CA, USA, 2025, pp. 1429-1435, doi: 10.1109\/CASE58245.2025.11163743.<\/p>\n<p>Correa, D., Padrao, P., Fuentes, J., Kaarlela, T., &amp; Bobadilla, L. (2025, June). A Web-Based Interactive Digital Twin for Marine Robotics Education. In International Conference on Extended Reality (pp. 227-235). Cham: Springer Nature Switzerland.<\/p>\n<p>Vo, T. H., Nguyen, C. V., Luo, D., &amp; Bobadilla, L. (2025, April). Lake Water Temperature Modeling Using Physics-Informed Neural Networks. 2025 ICLR Workshop.<\/p>\n<p><span style=\"font-size: 18pt\"><span style=\"font-size: 14pt\">Journal Publications<br \/>\n<\/span><\/span><\/p>\n<p>Coelho, F., Borges, J. V. T., Padrao, P., Fuentes, J., Costa, R. R., Hsu, L., &amp; Bobadilla, L. (2025). Bioinspired SLAM Approach for Unmanned Surface Vehicle. arXiv preprint arXiv:2509.19522.<\/p>\n<p>S. Raxit, A. A. R. Newaz, P. Padrao, J. Fuentes and L. Bobadilla, &#8220;BOW: Bayesian Optimization Over Windows for Motion Planning in Complex Environments,&#8221; in IEEE Robotics and Automation Letters, vol. 10, no. 10, pp. 10714-10721, Oct. 2025, doi: 10.1109\/LRA.2025.3604738.<\/p>\n<p>Puthumanaillam, G., Padrao, P., Fuentes, J., Bobadilla, L., &amp; Ornik, M. (2025). Enhancing Robot Navigation Policies with Task-Specific Uncertainty Managements. arXiv preprint arXiv:2505.13837<\/p>\n<p>Puthumanaillam, G., Padmanabhan, R., Fuentes, J., Cruz, N., Padrao, P., Hernandez, R., &#8230; &amp; Ornik, M. (2025). Online Learning of Deceptive Policies under Intermittent Observation. arXiv preprint arXiv:2509.14453.<\/p>\n<p>Shi, J., Shirali, A., Jin, B., Zhou, S., Hu, W., Rangaraj, R., &#8230; &amp; Narasimhan, G. (2025). Deep learning and foundation models for weather prediction: A survey. arXiv preprint arXiv:2501.06907.<\/p>\n<p>Puthumanaillam, G., Padrao, P., Fuentes, J., Thangeda, P., Schafer, W. E., Song, J. H., &#8230; &amp; Ornik, M. (2025). TRACE: A Self-Improving Framework for Robot Behavior Forecasting with Vision-Language Models. arXiv preprint arXiv:2503.00761.<\/p>\n<hr \/>\n<p><span style=\"font-size: 18pt\">2024<br \/>\n<span style=\"font-size: 14pt\">Conference Publications<\/span><\/span><\/p>\n<p>N. Cruz, J. Fuentes and L. Bobadilla, &#8220;Distributed Learning for Autonomous Vehicles in Communication-Constrained Environments,&#8221; 2024 IEEE 20th International Conference on Automation Science and Engineering (CASE), Bari, Italy, 2024, pp. 3740-3747, doi: 10.1109\/CASE59546.2024.10711803.<\/p>\n<p>P. Padr\u00e3o, J. Fuentes, T. Kaarlela, A. Bayuelo and L. Bobadilla, &#8220;Towards Optimal Human-Robot Interface Design Applied to Underwater Robotics Teleoperation,&#8221; 2024 IEEE 20th International Conference on Automation Science and Engineering (CASE), Bari, Italy, 2024, pp. 2368-2375, doi: 10.1109\/CASE59546.2024.10711797.<\/p>\n<p><span style=\"font-size: 18pt\"><span style=\"font-size: 14pt\">Journal Publications<\/span><\/span><\/p>\n<p>W. Dargie, P. Padrao, L. Bobadilla and C. Poellabauer, &#8220;Link Quality Fluctuation in Wireless Networks Deployed on the Surface of Different Water Bodies,&#8221; in\u00a0IEEE Sensors Journal, vol. 24, no. 23, pp. 39789-39797, 1 Dec.1, 2024, doi: 10.1109\/JSEN.2024.3472850<\/p>\n<p>A. A. R. Newaz, P. Padrao, J. Fuentes, T. Alam, G. Govindarajan and L. Bobadilla, &#8220;LCD-RIG: Limited Communication Decentralized Robotic Information Gathering Systems,&#8221; in IEEE Robotics and Automation Letters, vol. 9, no. 11, pp. 10034-10041, Nov. 2024, doi: 10.1109\/LRA.2024.3468167<\/p>\n<p>Puthumanaillam, G., Padrao, P., Fuentes, J., Bobadilla, L., &amp; Ornik, M. (2024). GUIDEd Agents: Enhancing Navigation Policies through Task-Specific Uncertainty Abstraction in Localization-Limited Environments. arXiv preprint arXiv:2410.15178.<\/p>\n<hr \/>\n<p><span style=\"font-size: 18pt\">2023<\/span><\/p>\n<p><span style=\"font-size: 14pt\">Conference Publications<\/span><\/p>\n<p>Rojas, C. A.; Devesa, A.; Cabrera, H.; Reis, G. M.; Bobadilla, L.; Smith, R. N., &#8220;Privacy-Preserving Multi-Agent Marine Data Collection via Differential Privacy,&#8221; IEEE Oceans 2023 Gulf Coast Conference Online Proceedings.<\/p>\n<p>Rojas, C. A.; Padrao, P.V.; Fuentes, J.E.; Reis, G. M.; Albayrak, A. R.; Osmanoglu, B.; Bobadilla, L., &#8220;Combining Remote and In-situ Sensing for Autonomous Underwater Vehicle Localization and Navigation,&#8221; OCEANS 2022, Hampton Roads, Hampton Roads, VA, USA, 2022, pp. 1-7, doi: 10.1109\/OCEANS47191.2022.9977208.<\/p>\n<p>M. Alsayegh, P. Vanegas, A. Al Redwan Newaz, L. Bobadilla and D. A. Shell, &#8220;Privacy-Preserving Multi-Robot Task Allocation via Secure Multi-Party Computation,&#8221; 2022 European Control Conference (ECC), London, United Kingdom, 2022, pp. 1274-1281, doi: 10.23919\/ECC55457.2022.9838150.<\/p>\n<p><span style=\"font-size: 14pt\">Journal Publications<\/span><\/p>\n<p>Rojas, C. A.; Padrao, P.V.; Fuentes, J.E.; Reis, G. M.; Albayrak, A. R.; Osmanoglu, B.; Bobadilla, L., &#8220;Combining Multi-Satellite Remote and In-situ Sensing for Autonomous Underwater Vehicle Localization and Navigation,&#8221; Available at SSRN 4521499.<\/p>\n<p>Kaarlela, T.; Pitk\u00e4aho, T.; Piesk\u00e4, S.; Padr\u00e3o, P.; Bobadilla, L.; Tikanm\u00e4ki, M.; Haavisto, T.; Blanco Bataller, V.; Laivuori, N.; Luimula, M. Towards Metaverse: Utilizing Extended Reality and Digital Twins to Control Robotic Systems.\u00a0<em>Actuators<\/em>\u00a0<b>2023<\/b>,\u00a0<em>12<\/em>, 219. https:\/\/doi.org\/10.3390\/act12060219<\/p>\n<p>Kaarlela, T.; Padrao, P.; Pitk\u00e4aho, T.; Piesk\u00e4, S.; Bobadilla, L. Digital Twins Utilizing XR-Technology as Robotic Training Tools.\u00a0<em>Machines<\/em>\u00a0<b>2023<\/b>,\u00a0<em>11<\/em>, 13. https:\/\/doi.org\/10.3390\/machines11010013<\/p>\n<p>A. A. R. Newaz, M. Alsayegh, T. Alam and L. Bobadilla, &#8220;Decentralized Multi-Robot Information Gathering From Unknown Spatial Fields,&#8221; in IEEE Robotics and Automation Letters, vol. 8, no. 5, pp. 3070-3077, May 2023, doi: 10.1109\/LRA.2023.3264720.<\/p>\n<p><span style=\"font-size: 14pt\">Other<\/span><\/p>\n<p>Padrao, P.; Fuentes, J.; Kaarlela, T.; Bayuelo, A.; Bobadilla, L. Towards Optimal Human-Robot Interface Design Applied to Underwater Robotics Teleoperation. <em>arXiv<\/em> <strong>2023<\/strong>, <em>2304.02002<\/em>.<\/p>\n<hr \/>\n<p><span style=\"font-size: 18pt\">2022<\/span><\/p>\n<p><span style=\"font-size: 14pt\">Conference Publications<\/span><\/p>\n<p>Fuentes, J., Bobadilla, L., and Smith, R. N., &#8220;Localization in Seemingly Sensory-Denied Environments through Spatio-Temporal Varying Fields.&#8221; 2022 Sixth IEEE International Conference on Robotic Computing (IRC). IEEE, 2022.<\/p>\n<p>P. Padrao, A. Dominguez, L. Bobadilla, R. N. Smith, &#8220;Towards Learning Ocean Models for Long-term Navigation in Dynamic Environments&#8221;, <em>IEEE Oceans 2022 &#8211; Chennai<\/em>, 2022<\/p>\n<p>Alsayegh, M., Vanegas, P., Newaz, A. A. R., Bobadilla, L., &amp; Shell, D. A. (2022). Privacy-Preserving Multi-Robot Task Allocation via Secure Multi-Party Computation. Presented at the IEEE European Control Conference, IEEE.<\/p>\n<p>Rojas, C., Reis, G. M., Albayrak, A., Osmanoglu, B., Bobadilla, L., &amp; Smith, R. N. (2022). Combining Remote and In-situ Sensing for Persistent Monitoring of Water Quality. Presented at the IEEE OCEANS 2022 Chennai Conference<\/p>\n<p><span style=\"font-size: 14pt\">Journal Publications<\/span><\/p>\n<p>P. Padrao, J. Fuentes, L. Bobadilla, and R. N. Smith. Estimating spatiotemporal fields through reinforcement learning. Frontiers in Robotics and AI, 9, 2022<\/p>\n<hr \/>\n<p><span style=\"font-size: 18pt\">2021<\/span><\/p>\n<p><span style=\"font-size: 14pt\">Journal Publications<\/span><\/p>\n<p>Al, R., Alam, T., M, R. G., Bobadilla, L., &amp; Smith, R. N,\u00a0 &#8220;Long-Term Autonomy for AUVs Operating Under Uncertainties in Dynamic Marine Environments&#8221;. <em>IEEE Robotics and Automation Letters<\/em>, 2021 submitted<\/p>\n<p>Alam, T., Al, R., Bobadilla, L., Alsabban, W. H., Smith, R. N., &amp; Karimoddini, A, &#8220;Towards Energy-Aware Feedback Planning for Long-Range Autonomous Underwater Vehicles&#8221;, <em>Frontiers in Robotics and AI, 8, 7<\/em>, 2021<\/p>\n<p>Zanlongo, S. A., Dirksmeier, P., Long, P., Padir, T., &amp; Bobadilla, L., &#8220;Scheduling and Path-Planning for Operator Oversight of Multiple Robots&#8221;. <em>Robotics, 10, 57,<\/em> 2021.<\/p>\n<p><span style=\"font-size: 14pt\">Conference Publications<\/span><\/p>\n<p>Al, R., Alam, T., Mondello, J., Johnson, J., &amp; Bobadilla, L. (2021). Multi-Robot Information Gathering Subject to Resource Constraints. Presented at the IEEE International Symposium on Robot and Human Interactive Communication.<\/p>\n<p>Curran, W. E.; Rojas, C. A.; Bobadilla, L.; Shell, D. A. (2021). Oblivious Sensor Fusion via Secure Multi-Party Combinatorial Filter Evaluation. 60th IEEE Conference on Decision and Control (CDC) pp. 5620\u20135627.<\/p>\n<hr \/>\n<p><span style=\"font-size: 18pt\">2020<\/span><\/p>\n<p><span style=\"font-size: 14pt\">Journal Publications<\/span><\/p>\n<p>Alam, T., &amp; Bobadilla, L. (2020). Multi-Robot Coverage and Persistent Monitoring in Sensing-Constrained Environments. Robotics, 9, 47.<\/p>\n<p>Alam, T., Reis, G. M., Bobadilla, L., &amp; Smith, R. N. (2020). A Data-Driven Deployment and Planning Approach for Underactuated Vehicles in Marine Environments. IEEE Journal of Oceanic Engineering.<\/p>\n<p>Fitzpatrick, M., Reis, G., Anderson, J., Bobadilla, L., Alsabban, W., &amp; Smith, R. (2020). Development of Environmental Niche Models for Use in Underwater Vehicle Navigation. IET Cyber-Systems and Robotics.<\/p>\n<p><span style=\"font-size: 14pt\">Conference Publications<\/span><\/p>\n<p>Alam, T., Campaneria, A., Silva, M., Bobadilla, L., &amp; Weaver, G. A. (2020). Coastal Infrastructure Monitoring through Heterogeneous Autonomous Vehicles. Presented at the 2020 Fourth IEEE International Conference on Robotic Computing (IRC), IEEE.<\/p>\n<p>Alam, T., Gandy, L., Bobadilla, L., &amp; Smith, R. N. (2020). Synergistic AUV Navigation through Deployed Surface Buoys. Presented at the 2020 Fourth IEEE International Conference on Robotic Computing (IRC), IEEE.<\/p>\n<p>Alsayegh, M., Dutta, A., Vanegas, P., &amp; Bobadilla, L. (2020). Lightweight Multi-robot Communication Protocols for Information Synchronization. Presented at the IEEE\/RSJ International Conference on Intelligent Robots and Systems, IEEE.<\/p>\n<p>Wang, B., Bobadilla, L., &amp; Rathinam, S. (2020). Connecting soldiers with relay robots in challenging environments (Vol. 11413). Presented at the Artificial Intelligence and Machine Learning for Multi-Domain Operations Applications II, International Society for Optics and Photonics.<\/p>\n<hr \/>\n<p><span style=\"font-size: 18pt\">2019<\/span><\/p>\n<p><span style=\"font-size: 14pt\">Conference Publications<\/span><\/p>\n<p>Abodo, F., Berthaume, A., Zitzow-Childs, S., &amp; Bobadilla, L. (2019). Strengthening the Case for a Bayesian Approach to Car-following Model Calibration and Validation using Probabilistic Programming. Presented at the IEEE Intelligent Transportation Systems Conference (ITSC), IEEE.<\/p>\n<p>Torres, A., Reis, G., Absten, J., Briceno, H. O., Bobadilla, L., &amp; Smith, R. N. (2019). Correlating Water Quality and Profile Data in the Florida Keys. Presented at the OCEANS 2019 MTS\/IEEE SEATTLE, IEEE.<\/p>\n<p>Bobadilla, L., Shell, D. A., &amp; Smith, R. N. (2019). Navigation and Localization via Wave Interference Patterns: An approach inspired by Marshallese Stick Charts. Presented at the OCEANS 2019 MTS\/IEEE SEATTLE, IEEE.<\/p>\n<p>Bayuelo, A., Alam, T., Bobadilla, L., Nino, F., &amp; Smith, R. N. (2019). Computing Feedback Plans from Dynamical System Composition. Presented at the IEEE 15th International Conference on Automation Science and Engineering (CASE).<\/p>\n<p>Zanlongo, S. A., Bobadilla, L., McDaniel, D., &amp; Tan, Y. T. (2019). Development of Informative Path Planning for Inspection of the Hanford Tank Farm. Presented at the Proceedings IEEE International Conference on Robotics &amp; Automation, IEEE.<\/p>\n<p>Li, L. i., Bayuelo, A., Bobadilla, L., Alam, T., &amp; Shell, D. A. (2019). Coordinated multi-robot planning while preserving individual privacy. Presented at the Proceedings IEEE International Conference on Robotics &amp; Automation, IEEE.<\/p>\n<p>Orioke, O. S., Alam, T., Joseph, Q., Alsabban, W. H., Bobadilla, L., &amp; Smith, R. N. (2019). Feedback Motion Planning for Long-Range Autonomous Underwater Vehicles. Presented at the IEEE OCEANS, IEEE.<\/p>\n<p>Sierra, A. B., Alam, T., Reis, G., Nino, L., Bobadilla, L., &amp; Smith, R. (2019). Toward Simultaneous Localization and Mapping in Aquatic Dynamic Environments. Presented at the IEEE OCEANS, IEEE.<\/p>\n<hr \/>\n<p><span style=\"font-size: 18pt\">2018<\/span><\/p>\n<p><span style=\"font-size: 14pt\">Journal Publications<\/span><\/p>\n<p>T. Alam, L. Bobadilla, D.A. Shell, &#8220;Space-efficient filters for mobile robot localization from discrete limit cycles&#8221;, <em>IEEE Robotics and Automation Letters, <\/em>Volume: 3, Issue: 1, pages 257-264, 2018 <a href=\"https:\/\/webs.cs.fiu.edu\/robotics\/wp-content\/uploads\/sites\/36\/2022\/05\/AlamBobadillaShell2018.pdf\">[pdf]<\/a><\/p>\n<p>Zanlongo, S., Wilson, A., Sookoor., T., &amp; Bobadilla, L. (2018). Planning, Schedulling, and Deploying for Computational Ferrying. International Journal of Next-Generation Computing.<\/p>\n<p>Carmenate, T., Rahman, M. M., Bobadilla, L., Leante, D., &amp; Mostafavi., A. (2018). Modeling and Analyzing Occupant Behaviors in Building Energy Analysis Using a State Space Approach and Non-Invasive Sensing. International Journal of Next-Generation Computing.<\/p>\n<p>Inyim, P., Batouli, M., Reyes, M., Carmenate, T., Bobadilla, L., &amp; Mostafavi, A. (2018). A Smartphone Application for Personalized and Multi-Method Interventions toward Energy Saving in Buildings. Sustainability, 10(6).<\/p>\n<p>Alam, T., Rahman, M. ., Carrillo, P., Bobadilla, L., &amp; Rapp., B. (2018). Stochastic Multi-Robot Patrolling with Limited Visibility. Journal of Intelligent &amp; Robotic Systems.<\/p>\n<p><span style=\"font-size: 14pt\">Conference Publications<\/span><\/p>\n<p>Alam, T., Reis, G. M., Bobadilla, L., &amp; Smith, R. N. (2018). An Underactuated Vehicle Localization Method in Marine Environments. Presented at the OCEANS\u201918 MTS\/IEEE Charleston, IEEE.<\/p>\n<p>Reis, G., Alam, T., Bobadilla, L., &amp; Smith, R. N. (2019). Feedback-Based Informative AUV Planning from Kriging Errors. Presented at the OES Autonomous Underwater Vehicle Symposium, IEEE.<\/p>\n<p>Zanlongo, S., Abodo, F., Long, P., Padir, T., &amp; Bobadilla, L. (2018). Multi-robot Scheduling and Path-Planning for Non-overlapping Operator Attention. Presented at the 2018 Second IEEE International Conference on Robotic Computing (IRC).<\/p>\n<p>Alam, T., Reis, G. M., Bobadilla, L., &amp; Smith, R. N. (2018). A Data-Driven Deployment Approach for Persistent Monitoring in Aquatic Environments. Presented at the 2018 Second IEEE International Conference on Robotic Computing (IRC), IEEE.<\/p>\n<p>Reis, G. M., Leon, H., Alam, T., Anderson, J., Bobadilla, L., &amp; Smith, R. N. (2018). A Whitening-based Tracking Algorithm for Autonomous Underwater Vehicles. Presented at the OCEANS\u201918 MTS\/IEEE Kobe\/Techno-Ocean, IEEE.<\/p>\n<hr \/>\n<p><span style=\"font-size: 18pt\">2017<\/span><\/p>\n<p><span style=\"font-size: 14pt\">Conference Publications<\/span><\/p>\n<p>Alam, T., Rahman, M. M., Bobadilla, L., &amp; Rapp, B. (2017). Multi-vehicle patrolling with limited visibility and communication constraints. Presented at the Military Communications Conference (MILCOM), MILCOM 2017-2017 IEEE, IEEE.<\/p>\n<p>Rahman, M. M., Bobadilla, L., Abodo, F., &amp; Rapp, B. (2017). Relay vehicle formations for optimizing communication quality in robot networks. Presented at the Intelligent Robots and Systems (IROS), 2017 IEEE\/RSJ International Conference on, IEEE.<\/p>\n<p>Reis, G. M., Fitzpatrick, M., Anderson, J., Bobadilla, L., &amp; Smith, R. N. (2017). Increasing Persistent Navigation Capabilities for Underwater Vehicles with Augmented Terrain-Based Navigation. Presented at the MTS\/IEEE Oceans.<br \/>\nAlam, T., Bobadilla, L., &amp; Shell, D. A. (2017). Minimalist Robot Navigation and Coverage using a Dynamical System Approach. Presented at the Robotic Computing (IRC), IEEE International Conference on, IEEE.<\/p>\n<p>Reis, G. M., Fitzpatrick, M., Anderson, J., Bobadilla, L., &amp; Smith, R. N. (2017). Augmented Terrain-Based Navigation to Enable Persistent Autonomy for Underwater Vehicles. Presented at the Robotic Computing (IRC), IEEE International Conference on, IEEE.<\/p>\n<p>Zanlongo, S. A., Rahman, M., Abodo, F., &amp; Bobadilla, L. (2017). Multi-robot Planning for Non-overlapping Operator Attention Allocation. Presented at the Robotic Computing (IRC), IEEE International Conference on, IEEE.<\/p>\n<hr \/>\n<p><span style=\"font-size: 18pt\">2016<\/span><\/p>\n<p><span style=\"font-size: 14pt\">Journal Publications<\/span><\/p>\n<p>Rahman, M., Carmenate, T., Bobadilla, L., Zanlongo, S., &amp; Mostafavi, A. (2016). An Automated Methodology for Worker Path Generation and Safety Assessment in Construction Projects. IEEE Transactions on Automation Science and Engineering, PP(99), 1 \u2013 13.<\/p>\n<p>Carmenate, T., Inyim, P., Pachekar, N., Chauhan, G., Bobadilla, L., Batouli, M., &amp; Mostafavi, A. (2016). Modeling Occupant-Building-Appliance Interaction for Energy Waste Analysis. Procedia Engineering, 145, 42\u201349.<\/p>\n<p><span style=\"font-size: 14pt\">Conference Publications<\/span><\/p>\n<p>Rahman, M. M., Bobadilla, L., &amp; Rapp, B. (2016). Sampling-based planning algorithms for multi-objective missions. Presented at the Automation Science and Engineering (CASE), 2016 IEEE International Conference on, IEEE.<\/p>\n<p>Li, A. Q., Rekleitis, I., Manjanna, S., Kakodkar, N., Hansen, J., Dudek, G., \u2026 Smith, R. N. (2016). Data Correlation and Comparison from Multiple Sensors Over a Coral Reef with a Team of Heterogeneous Aquatic Robots. Presented at the International Symposium on Experimental Robotics, Springer, Cham.<\/p>\n<p>Rahman, M. M., Bobadilla, L., &amp; Rapp, B. (2016). Establishing line-of-sight communication via autonomous relay vehicles. Presented at the Military Communications Conference, MILCOM 2016-2016 IEEE, IEEE.<\/p>\n<p>Zanlongo, S. A., Wilson, A. C., Bobadilla, L., &amp; Sookoor, T. (2016). Scheduling and path planning for computational ferrying. Presented at the Military Communications Conference, MILCOM 2016-2016 IEEE, IEEE.<\/p>\n<p>Iyim, P., Carmenate, T., Hidalgo, D., Presa, M., Leante, D., Bobadilla, L., &amp; Mostafavi, A. (2016). Smart Applications for the Integrated Sensing, Simulation, and Feedback of Occupant Behaviors to Enable Personalized Interventions for Energy Saving in Buildings. Construction Research Congress 2016.<\/p>\n<hr \/>\n<p><span style=\"font-size: 18pt\">2015<\/span><\/p>\n<p><span style=\"font-size: 14pt\">Conference Publications<\/span><\/p>\n<p>Carmentate, T., Rahman, M. M., Leante, D., Bobadilla, L., &amp; Mostafavi, A. (2015). Modeling and Analyzing Occupant Behaviors in Building Energy Analysis Using an Information Space Approach. IEEE International Conference on Automation Science and Engineering.<\/p>\n<p>Carmenate, T., Leante, D., Zanlongo, S., Bobadilla, L., &amp; Mostafavi, A. (2015). A Non-Invasive Sensing System for Decoding Occupancy Behaviors Affecting Building Energy Performance. Computing in Civil Engineering 2015.<\/p>\n<p>Rahman, M. M., Carmentate, T., Zanlongo, S., Bobadilla, L., &amp; Mostafavi, A. (2015). Discrete-Event and Motion Planning Methodology for Automated Safety Assessment in Construction Projects. IEEE International Conference on Robotics and Automation.<\/p>\n<p>Bobadilla, L., Johnson, T. T., &amp; LaViers, A. (2015). Verified Planar Formation Control Algorithms by Composition of Primitives. AIAA: Guidance, Navigation, and Control.<\/p>\n<hr \/>\n<p><span style=\"font-size: 18pt\">2014<\/span><\/p>\n<p><span style=\"font-size: 14pt\">Conference Publications<\/span><\/p>\n<p>Terry, I., Wu, A., Ramirez, S., Pissinou, A., Bobadilla, L., Pissinou, N., \u2026 Carbunar, B. (2014). Geofit: Verifiable Fitness Challenges. Mobile Ad Hoc and Sensor Systems (MASS), 2014 IEEE 11th International Conference on.<\/p>\n<p>Gierl, D., Bobadilla, L., Sanchez, O., &amp; LaValle, S. M. (2014). Stochastic Modeling, Control, and Verification of Wild Bodies. IEEE International Conference on Robotics and Automation.<\/p>\n<p>Bobadilla, J., Mostafavi, A., Carmenate, T., &amp; Bista, S. (2014). Predictive Assessment and Proactive Monitoring of Struck-By Safety Hazards in Construction Sites: An Information Space Approach. 15th International Conference on Computing in Civil and Building Engineering.<\/p>\n<p>Carmenate, T., Rahman, M. M., Bobadilla, L., &amp; Mostafavi, A. (2014). Ex-Ante Assessment of Struck-by Safety Hazards in Construction Projects: A Motion Planning Approach. IEEE International Conference on Automation Science and Engineering.<\/p>\n","protected":false},"excerpt":{"rendered":"<p>2025 Conference Publications N. Cruz, J. Fuentes and L. Bobadilla, &#8220;Game-Theoretic Autonomous Vehicle Path Coordination with Limited Communication,&#8221; 2025 IEEE 21st International Conference on Automation Science and Engineering (CASE), Los Angeles, CA, USA, 2025, pp. 2695-2701, doi: 10.1109\/CASE58245.2025.11164118. J. Fuentes, P. Padr\u00e3o, A. A. R. Newaz and L. Bobadilla, &#8220;Learning-Based Adaptive Navigation for Scalar Field [&hellip;]<\/p>\n","protected":false},"author":511,"featured_media":0,"parent":0,"menu_order":0,"comment_status":"closed","ping_status":"closed","template":"","meta":{"footnotes":""},"class_list":["post-32","page","type-page","status-publish","hentry","post"],"_links":{"self":[{"href":"https:\/\/robotics.cs.fiu.edu\/robotics\/wp-json\/wp\/v2\/pages\/32","targetHints":{"allow":["GET"]}}],"collection":[{"href":"https:\/\/robotics.cs.fiu.edu\/robotics\/wp-json\/wp\/v2\/pages"}],"about":[{"href":"https:\/\/robotics.cs.fiu.edu\/robotics\/wp-json\/wp\/v2\/types\/page"}],"author":[{"embeddable":true,"href":"https:\/\/robotics.cs.fiu.edu\/robotics\/wp-json\/wp\/v2\/users\/511"}],"replies":[{"embeddable":true,"href":"https:\/\/robotics.cs.fiu.edu\/robotics\/wp-json\/wp\/v2\/comments?post=32"}],"version-history":[{"count":28,"href":"https:\/\/robotics.cs.fiu.edu\/robotics\/wp-json\/wp\/v2\/pages\/32\/revisions"}],"predecessor-version":[{"id":355,"href":"https:\/\/robotics.cs.fiu.edu\/robotics\/wp-json\/wp\/v2\/pages\/32\/revisions\/355"}],"wp:attachment":[{"href":"https:\/\/robotics.cs.fiu.edu\/robotics\/wp-json\/wp\/v2\/media?parent=32"}],"curies":[{"name":"wp","href":"https:\/\/api.w.org\/{rel}","templated":true}]}}